{"id":14,"date":"2020-06-16T23:37:01","date_gmt":"2020-06-17T02:37:01","guid":{"rendered":"http:\/\/paineira.usp.br\/cje\/babel\/?page_id=14"},"modified":"2025-12-02T19:25:43","modified_gmt":"2025-12-02T22:25:43","slug":"quem-somos","status":"publish","type":"page","link":"https:\/\/babel.webhostusp.sti.usp.br\/?page_id=14","title":{"rendered":"Quem somos"},"content":{"rendered":"\r\n<p>A <strong>Revista Babel<\/strong> \u00e9 um jornal Laborat\u00f3rio realizado por estudantes de jornalismo da Escola de Comunica\u00e7\u00f5es e Artes da USP. ISSN: 1982-0925<\/p>\r\n<p>Para contatar a reda\u00e7\u00e3o, envie e-mail para <a href=\"mailto:redacaobabel@gmail.com\" target=\"_blank\" rel=\"noopener\"><span style=\"font-weight: 400;\">redacaobabel@gmail.com<\/span><\/a>.<\/p>\r\n<p>Voc\u00ea pode encontrar as nossas revistas digitais completas no <a href=\"https:\/\/issuu.com\/usprevistababel\">Issuu<\/a>. Fique atente tamb\u00e9m ao nosso <a href=\"http:\/\/instagram.com\/babelusp\">Instagram<\/a> e <a href=\"https:\/\/www.tiktok.com\/@babelusp\">TikTok<\/a> para novidades, ou assine nossa <a href=\"https:\/\/substack.com\/@revistababel\">newsletter no Substack<\/a>.<\/p>\r\n<p>Acesse nosso <strong><a href=\"http:\/\/babel.webhostusp.sti.usp.br\/wp-content\/uploads\/2022\/12\/Manual-de-Marca_Babel.pdf\" target=\"_blank\" rel=\"noopener\">Manual de Marca<\/a>.<\/strong><\/p>\r\n<hr \/>\r\n<h3><strong>Expediente<\/strong><\/h3>\r\n<p><strong>Universidade de S\u00e3o Paulo<\/strong><br \/>Reitor: Carlos Gilberto Carlotti Junior<br \/>Vice-Reitor: Professora Maria Arminda do Nascimento Arruda<\/p>\r\n<p><strong>Escola de Comunica\u00e7\u00f5es e Artes<\/strong><br \/>Diretora: Maria Clotilde Perez Rodrigues\u00a0<br \/>Vice-Diretor: Mario Videira Rodrigues Junior\u00a0<\/p>\r\n<p><strong>Departamento de Jornalismo e Editora\u00e7\u00e3o<\/strong><br \/>Chefe: Prof. Dr. Wagner Souza e Silva<br \/>Chefe Suplente: Prof. Dr. Vitor Souza Lima Blotta<br \/>Professor Respons\u00e1vel: Prof. Dr. Ivan Paganotti<\/p>\r\n","protected":false},"excerpt":{"rendered":"A Revista Babel \u00e9 um jornal Laborat\u00f3rio realizado por estudantes de jornalismo da Escola de Comunica\u00e7\u00f5es e Artes da USP. ISSN: 1982-0925 Para \n<a class=\"moretag\" href=\"https:\/\/babel.webhostusp.sti.usp.br\/?page_id=14\"> <\/a>","protected":false},"author":1,"featured_media":0,"parent":0,"menu_order":0,"comment_status":"closed","ping_status":"closed","template":"","meta":{"footnotes":""},"class_list":["post-14","page","type-page","status-publish","hentry"],"yoast_head":"<!-- This site is optimized with the Yoast SEO plugin v19.10 - https:\/\/yoast.com\/wordpress\/plugins\/seo\/ -->\n<title>Quem somos - Revista Babel<\/title>\n<meta name=\"robots\" content=\"index, follow, max-snippet:-1, max-image-preview:large, max-video-preview:-1\" \/>\n<link rel=\"canonical\" href=\"https:\/\/babel.webhostusp.sti.usp.br\/?page_id=14\" \/>\n<meta property=\"og:locale\" content=\"pt_BR\" \/>\n<meta property=\"og:type\" content=\"article\" \/>\n<meta property=\"og:title\" content=\"Quem somos - Revista Babel\" \/>\n<meta property=\"og:description\" content=\"A Revista Babel \u00e9 um jornal Laborat\u00f3rio realizado por estudantes de jornalismo da Escola de Comunica\u00e7\u00f5es e Artes da USP. ISSN: 1982-0925 Para\" \/>\n<meta property=\"og:url\" content=\"https:\/\/babel.webhostusp.sti.usp.br\/?page_id=14\" \/>\n<meta property=\"og:site_name\" content=\"Revista Babel\" \/>\n<meta property=\"article:modified_time\" content=\"2025-12-02T22:25:43+00:00\" \/>\n<meta name=\"twitter:card\" content=\"summary_large_image\" \/>\n<meta name=\"twitter:label1\" content=\"Est. reading time\" \/>\n\t<meta name=\"twitter:data1\" content=\"1 minuto\" \/>\n<script type=\"application\/ld+json\" class=\"yoast-schema-graph\">{\"@context\":\"https:\/\/schema.org\",\"@graph\":[{\"@type\":\"WebPage\",\"@id\":\"https:\/\/babel.webhostusp.sti.usp.br\/?page_id=14\",\"url\":\"https:\/\/babel.webhostusp.sti.usp.br\/?page_id=14\",\"name\":\"Quem somos - Revista Babel\",\"isPartOf\":{\"@id\":\"https:\/\/babel.webhostusp.sti.usp.br\/#website\"},\"datePublished\":\"2020-06-17T02:37:01+00:00\",\"dateModified\":\"2025-12-02T22:25:43+00:00\",\"breadcrumb\":{\"@id\":\"https:\/\/babel.webhostusp.sti.usp.br\/?page_id=14#breadcrumb\"},\"inLanguage\":\"pt-BR\",\"potentialAction\":[{\"@type\":\"ReadAction\",\"target\":[\"https:\/\/babel.webhostusp.sti.usp.br\/?page_id=14\"]}]},{\"@type\":\"BreadcrumbList\",\"@id\":\"https:\/\/babel.webhostusp.sti.usp.br\/?page_id=14#breadcrumb\",\"itemListElement\":[{\"@type\":\"ListItem\",\"position\":1,\"name\":\"Home\",\"item\":\"https:\/\/babel.webhostusp.sti.usp.br\/\"},{\"@type\":\"ListItem\",\"position\":2,\"name\":\"Quem somos\"}]},{\"@type\":\"WebSite\",\"@id\":\"https:\/\/babel.webhostusp.sti.usp.br\/#website\",\"url\":\"https:\/\/babel.webhostusp.sti.usp.br\/\",\"name\":\"Revista Babel\",\"description\":\"\",\"potentialAction\":[{\"@type\":\"SearchAction\",\"target\":{\"@type\":\"EntryPoint\",\"urlTemplate\":\"https:\/\/babel.webhostusp.sti.usp.br\/?s={search_term_string}\"},\"query-input\":\"required name=search_term_string\"}],\"inLanguage\":\"pt-BR\"}]}<\/script>\n<!-- \/ Yoast SEO plugin. -->","yoast_head_json":{"title":"Quem somos - Revista Babel","robots":{"index":"index","follow":"follow","max-snippet":"max-snippet:-1","max-image-preview":"max-image-preview:large","max-video-preview":"max-video-preview:-1"},"canonical":"https:\/\/babel.webhostusp.sti.usp.br\/?page_id=14","og_locale":"pt_BR","og_type":"article","og_title":"Quem somos - Revista Babel","og_description":"A Revista Babel \u00e9 um jornal Laborat\u00f3rio realizado por estudantes de jornalismo da Escola de Comunica\u00e7\u00f5es e Artes da USP. ISSN: 1982-0925 Para","og_url":"https:\/\/babel.webhostusp.sti.usp.br\/?page_id=14","og_site_name":"Revista Babel","article_modified_time":"2025-12-02T22:25:43+00:00","twitter_card":"summary_large_image","twitter_misc":{"Est. reading time":"1 minuto"},"schema":{"@context":"https:\/\/schema.org","@graph":[{"@type":"WebPage","@id":"https:\/\/babel.webhostusp.sti.usp.br\/?page_id=14","url":"https:\/\/babel.webhostusp.sti.usp.br\/?page_id=14","name":"Quem somos - Revista Babel","isPartOf":{"@id":"https:\/\/babel.webhostusp.sti.usp.br\/#website"},"datePublished":"2020-06-17T02:37:01+00:00","dateModified":"2025-12-02T22:25:43+00:00","breadcrumb":{"@id":"https:\/\/babel.webhostusp.sti.usp.br\/?page_id=14#breadcrumb"},"inLanguage":"pt-BR","potentialAction":[{"@type":"ReadAction","target":["https:\/\/babel.webhostusp.sti.usp.br\/?page_id=14"]}]},{"@type":"BreadcrumbList","@id":"https:\/\/babel.webhostusp.sti.usp.br\/?page_id=14#breadcrumb","itemListElement":[{"@type":"ListItem","position":1,"name":"Home","item":"https:\/\/babel.webhostusp.sti.usp.br\/"},{"@type":"ListItem","position":2,"name":"Quem somos"}]},{"@type":"WebSite","@id":"https:\/\/babel.webhostusp.sti.usp.br\/#website","url":"https:\/\/babel.webhostusp.sti.usp.br\/","name":"Revista Babel","description":"","potentialAction":[{"@type":"SearchAction","target":{"@type":"EntryPoint","urlTemplate":"https:\/\/babel.webhostusp.sti.usp.br\/?s={search_term_string}"},"query-input":"required name=search_term_string"}],"inLanguage":"pt-BR"}]}},"_links":{"self":[{"href":"https:\/\/babel.webhostusp.sti.usp.br\/index.php?rest_route=\/wp\/v2\/pages\/14","targetHints":{"allow":["GET"]}}],"collection":[{"href":"https:\/\/babel.webhostusp.sti.usp.br\/index.php?rest_route=\/wp\/v2\/pages"}],"about":[{"href":"https:\/\/babel.webhostusp.sti.usp.br\/index.php?rest_route=\/wp\/v2\/types\/page"}],"author":[{"embeddable":true,"href":"https:\/\/babel.webhostusp.sti.usp.br\/index.php?rest_route=\/wp\/v2\/users\/1"}],"replies":[{"embeddable":true,"href":"https:\/\/babel.webhostusp.sti.usp.br\/index.php?rest_route=%2Fwp%2Fv2%2Fcomments&post=14"}],"version-history":[{"count":21,"href":"https:\/\/babel.webhostusp.sti.usp.br\/index.php?rest_route=\/wp\/v2\/pages\/14\/revisions"}],"predecessor-version":[{"id":2289,"href":"https:\/\/babel.webhostusp.sti.usp.br\/index.php?rest_route=\/wp\/v2\/pages\/14\/revisions\/2289"}],"wp:attachment":[{"href":"https:\/\/babel.webhostusp.sti.usp.br\/index.php?rest_route=%2Fwp%2Fv2%2Fmedia&parent=14"}],"curies":[{"name":"wp","href":"https:\/\/api.w.org\/{rel}","templated":true}]}}